{"id":15,"date":"2022-11-08T21:01:44","date_gmt":"2022-11-08T21:01:44","guid":{"rendered":"https:\/\/triathlonvilleparisis.com\/?page_id=15"},"modified":"2024-09-08T14:08:52","modified_gmt":"2024-09-08T14:08:52","slug":"actualites","status":"publish","type":"page","link":"https:\/\/triathlonvilleparisis.com\/index.php\/actualites\/","title":{"rendered":"Actualit\u00e9s"},"content":{"rendered":"\n<p>Programme des comp\u00e9titions de nos licenci\u00e9s pour les mois \u00e0 venir.<\/p>\n\n\n\n<h2 class=\"wp-block-heading\">Forum des associations Dimanche 8 Septembre<\/h2>\n\n\n\n<figure class=\"wp-block-image size-full is-resized\"><img loading=\"lazy\" decoding=\"async\" width=\"707\" height=\"1000\" src=\"https:\/\/triathlonvilleparisis.com\/wp-content\/uploads\/2024\/09\/affiche-forum-2024.jpg\" alt=\"\" class=\"wp-image-659\" style=\"width:519px;height:auto\" srcset=\"https:\/\/triathlonvilleparisis.com\/wp-content\/uploads\/2024\/09\/affiche-forum-2024.jpg 707w, https:\/\/triathlonvilleparisis.com\/wp-content\/uploads\/2024\/09\/affiche-forum-2024-212x300.jpg 212w\" sizes=\"(max-width: 707px) 100vw, 707px\" \/><\/figure>\n\n\n\n<p>Programme des comp\u00e9titions de nos licenci\u00e9s pour les semaines \u00e0 venir.<\/p>\n\n\n\n<h2 class=\"wp-block-heading\">Le grand V Dimanche 22 Septembre<\/h2>\n\n\n\n<figure class=\"wp-block-image size-large is-resized\"><img loading=\"lazy\" decoding=\"async\" width=\"724\" height=\"1024\" src=\"https:\/\/triathlonvilleparisis.com\/wp-content\/uploads\/2024\/09\/le-grand-v-724x1024.png\" alt=\"\" class=\"wp-image-662\" style=\"width:398px;height:auto\" srcset=\"https:\/\/triathlonvilleparisis.com\/wp-content\/uploads\/2024\/09\/le-grand-v-724x1024.png 724w, https:\/\/triathlonvilleparisis.com\/wp-content\/uploads\/2024\/09\/le-grand-v-212x300.png 212w, https:\/\/triathlonvilleparisis.com\/wp-content\/uploads\/2024\/09\/le-grand-v-768x1086.png 768w, https:\/\/triathlonvilleparisis.com\/wp-content\/uploads\/2024\/09\/le-grand-v-1086x1536.png 1086w, https:\/\/triathlonvilleparisis.com\/wp-content\/uploads\/2024\/09\/le-grand-v-1448x2048.png 1448w\" sizes=\"(max-width: 724px) 100vw, 724px\" \/><\/figure>\n\n\n\n<h2 class=\"wp-block-heading\">Cyclo Lila 2024<\/h2>\n\n\n\n<figure class=\"wp-block-image size-large is-resized\"><img loading=\"lazy\" decoding=\"async\" width=\"724\" height=\"1024\" src=\"https:\/\/triathlonvilleparisis.com\/wp-content\/uploads\/2024\/09\/AFFICHE-CYCLO-LILA-2024-724x1024.jpg\" alt=\"\" class=\"wp-image-666\" style=\"width:398px;height:auto\" srcset=\"https:\/\/triathlonvilleparisis.com\/wp-content\/uploads\/2024\/09\/AFFICHE-CYCLO-LILA-2024-724x1024.jpg 724w, https:\/\/triathlonvilleparisis.com\/wp-content\/uploads\/2024\/09\/AFFICHE-CYCLO-LILA-2024-212x300.jpg 212w, https:\/\/triathlonvilleparisis.com\/wp-content\/uploads\/2024\/09\/AFFICHE-CYCLO-LILA-2024-768x1087.jpg 768w, https:\/\/triathlonvilleparisis.com\/wp-content\/uploads\/2024\/09\/AFFICHE-CYCLO-LILA-2024.jpg 841w\" sizes=\"(max-width: 724px) 100vw, 724px\" \/><\/figure>\n\n\n\n<div style=\"height:20px\" aria-hidden=\"true\" class=\"wp-block-spacer\"><\/div>\n\n\n\n<h2 class=\"wp-block-heading\">Soldat de la marne 2024<\/h2>\n\n\n\n<figure class=\"wp-block-image size-full is-resized\"><img loading=\"lazy\" decoding=\"async\" width=\"141\" height=\"200\" src=\"https:\/\/triathlonvilleparisis.com\/wp-content\/uploads\/2024\/09\/soldat-de-la-marne-2024-1.jpg\" alt=\"\" class=\"wp-image-688\" style=\"width:233px;height:auto\"\/><\/figure>\n\n\n\n<div style=\"height:50px\" aria-hidden=\"true\" class=\"wp-block-spacer\"><\/div>\n\n\n\n<div style=\"height:50px\" aria-hidden=\"true\" class=\"wp-block-spacer\"><\/div>\n\n\n\n<div style=\"height:50px\" aria-hidden=\"true\" class=\"wp-block-spacer\"><\/div>\n\n\n\n<div style=\"height:100px\" aria-hidden=\"true\" class=\"wp-block-spacer\"><\/div>\n\n\n\n<div style=\"height:57px\" aria-hidden=\"true\" class=\"wp-block-spacer\"><\/div>\n\n\n\n<hr class=\"wp-block-separator has-alpha-channel-opacity is-style-dots\"\/>\n","protected":false},"excerpt":{"rendered":"<p>Programme des comp\u00e9titions de nos licenci\u00e9s pour les mois \u00e0 venir. Forum des associations Dimanche 8 Septembre Programme des comp\u00e9titions de nos licenci\u00e9s pour les semaines \u00e0 venir. Le grand V Dimanche 22 Septembre Cyclo Lila 2024 Soldat de la marne 2024<\/p>\n","protected":false},"author":1,"featured_media":0,"parent":0,"menu_order":0,"comment_status":"closed","ping_status":"closed","template":"","meta":{"footnotes":""},"class_list":["post-15","page","type-page","status-publish","hentry"],"_links":{"self":[{"href":"https:\/\/triathlonvilleparisis.com\/index.php\/wp-json\/wp\/v2\/pages\/15"}],"collection":[{"href":"https:\/\/triathlonvilleparisis.com\/index.php\/wp-json\/wp\/v2\/pages"}],"about":[{"href":"https:\/\/triathlonvilleparisis.com\/index.php\/wp-json\/wp\/v2\/types\/page"}],"author":[{"embeddable":true,"href":"https:\/\/triathlonvilleparisis.com\/index.php\/wp-json\/wp\/v2\/users\/1"}],"replies":[{"embeddable":true,"href":"https:\/\/triathlonvilleparisis.com\/index.php\/wp-json\/wp\/v2\/comments?post=15"}],"version-history":[{"count":77,"href":"https:\/\/triathlonvilleparisis.com\/index.php\/wp-json\/wp\/v2\/pages\/15\/revisions"}],"predecessor-version":[{"id":690,"href":"https:\/\/triathlonvilleparisis.com\/index.php\/wp-json\/wp\/v2\/pages\/15\/revisions\/690"}],"wp:attachment":[{"href":"https:\/\/triathlonvilleparisis.com\/index.php\/wp-json\/wp\/v2\/media?parent=15"}],"curies":[{"name":"wp","href":"https:\/\/api.w.org\/{rel}","templated":true}]}}