{"id":290,"date":"2022-12-07T17:41:44","date_gmt":"2022-12-07T17:41:44","guid":{"rendered":"https:\/\/triathlonvilleparisis.com\/?page_id=290"},"modified":"2022-12-07T17:46:47","modified_gmt":"2022-12-07T17:46:47","slug":"triathlon-cest-quoi","status":"publish","type":"page","link":"https:\/\/triathlonvilleparisis.com\/index.php\/triathlon-cest-quoi\/","title":{"rendered":"Triathlon c&rsquo;est quoi ?"},"content":{"rendered":"<div class=\"wp-block-image\">\n<figure class=\"aligncenter size-large is-resized\"><img loading=\"lazy\" decoding=\"async\" src=\"https:\/\/triathlonvilleparisis.com\/wp-content\/uploads\/2022\/12\/20190630_100915_001-compressed-1024x576.jpg\" alt=\"\" class=\"wp-image-291\" width=\"686\" height=\"385\" srcset=\"https:\/\/triathlonvilleparisis.com\/wp-content\/uploads\/2022\/12\/20190630_100915_001-compressed-1024x576.jpg 1024w, https:\/\/triathlonvilleparisis.com\/wp-content\/uploads\/2022\/12\/20190630_100915_001-compressed-300x169.jpg 300w, https:\/\/triathlonvilleparisis.com\/wp-content\/uploads\/2022\/12\/20190630_100915_001-compressed-768x432.jpg 768w, https:\/\/triathlonvilleparisis.com\/wp-content\/uploads\/2022\/12\/20190630_100915_001-compressed-1536x864.jpg 1536w, https:\/\/triathlonvilleparisis.com\/wp-content\/uploads\/2022\/12\/20190630_100915_001-compressed.jpg 1565w\" sizes=\"(max-width: 686px) 100vw, 686px\" \/><\/figure><\/div>\n\n\n<p>Le Triathlon consiste \u00e0 encha\u00eener dans l\u2019ordre trois activit\u00e9s sportives : natation, cyclisme et course \u00e0 pied.<\/p>\n\n\n\n<p>L\u2019encha\u00eenement s\u2019effectue sans aide ext\u00e9rieure et sans arr\u00eat du chronom\u00e8tre lors du changement de discipline (transition).<\/p>\n\n\n\n<p>Le Triathlon Distance Olympique, Longue Distance, Distance Sprint et Relais mixte sont reconnues comme disciplines de Haut Niveau.<\/p>\n\n\n\n<div style=\"height:50px\" aria-hidden=\"true\" class=\"wp-block-spacer\"><\/div>\n\n\n\n<h2 class=\"wp-block-heading\"><mark style=\"background-color:rgba(0, 0, 0, 0)\" class=\"has-inline-color has-vivid-cyan-blue-color\">Comment choisir sa distance ?<\/mark><\/h2>\n\n\n\n<p>Il existe de nombreuses distances, qui correspondent au niveau de pratique et aux envies, objectifs de chacun et chacune.<\/p>\n\n\n\n<figure class=\"wp-block-table aligncenter is-style-stripes\"><table><tbody><tr><td class=\"has-text-align-left\" data-align=\"left\">Triathlon<\/td><td>Natation<\/td><td>Cyclisme<\/td><td>Course \u00e0 pieds<\/td><\/tr><tr><td class=\"has-text-align-left\" data-align=\"left\">Distance XS<\/td><td>400 M<\/td><td>10 KM<\/td><td>2.5 KM<\/td><\/tr><tr><td class=\"has-text-align-left\" data-align=\"left\">Distance S<\/td><td>750 M<\/td><td>20 Km<\/td><td>5 KM<\/td><\/tr><tr><td class=\"has-text-align-left\" data-align=\"left\">Distance M<\/td><td>1.5 KM<\/td><td>40 KM<\/td><td>10 KM<\/td><\/tr><tr><td class=\"has-text-align-left\" data-align=\"left\">Distance L<\/td><td>3 KM<\/td><td>80 KM<\/td><td>30 KM<\/td><\/tr><tr><td class=\"has-text-align-left\" data-align=\"left\">Distance XL<\/td><td>4 KM<\/td><td>120 KM<\/td><td>30 KM<\/td><\/tr><tr><td class=\"has-text-align-left\" data-align=\"left\">Distance XXL<\/td><td>3.8 KM<\/td><td>180 KM<\/td><td>42.195 KM<\/td><\/tr><\/tbody><\/table><\/figure>\n\n\n\n<div style=\"height:50px\" aria-hidden=\"true\" class=\"wp-block-spacer\"><\/div>\n\n\n\n<h2 class=\"wp-block-heading\"><mark style=\"background-color:rgba(0, 0, 0, 0)\" class=\"has-inline-color has-vivid-cyan-blue-color\">A partir de quel \u00e2ge pratiquer ?<\/mark><\/h2>\n\n\n\n<p>Le Triathlon peut se pratiquer \u00e0 partir de l\u2019\u00e2ge de 6 ans.<\/p>\n\n\n\n<p>Il existe des distances adapt\u00e9es \u00e0 chaque cat\u00e9gorie d\u2019\u00e2ge<\/p>\n\n\n\n<figure class=\"wp-block-table\"><table><tbody><tr><td><strong>Cat\u00e9gorie d\u2019\u00e2ge<\/strong><\/td><td><strong>Natation<\/strong><\/td><td><strong>Cyclisme<\/strong><\/td><td><strong>Course \u00e0 pied<\/strong><\/td><\/tr><tr><td><strong>Jeunes 6-9<\/strong><\/td><td>50 m<\/td><td>1 km<\/td><td>500 m<\/td><\/tr><tr><td><strong>Jeunes 8-11<\/strong><\/td><td>100 m<\/td><td>2 km<\/td><td>1000  m<\/td><\/tr><tr><td><strong>Jeunes 10-13<\/strong><\/td><td>200 m<\/td><td>4 km<\/td><td>1500 m<\/td><\/tr><tr><td><strong>Jeunes 13-16<\/strong><\/td><td>300 m<\/td><td>6 km<\/td><td>2000 m<\/td><\/tr><\/tbody><\/table><\/figure>\n\n\n\n<div style=\"height:50px\" aria-hidden=\"true\" class=\"wp-block-spacer\"><\/div>\n\n\n\n<h2 class=\"wp-block-heading\"><mark style=\"background-color:rgba(0, 0, 0, 0)\" class=\"has-inline-color has-vivid-cyan-blue-color\">Chacun.e \u00e0 son rythme, tout le monde peut d\u00e9couvrir le Triathlon<\/mark><\/h2>\n\n\n\n<ul class=\"wp-block-list\">\n<li>En loisir ou en comp\u00e9tition,<\/li>\n\n\n\n<li>En individuel, en bin\u00f4me ou en relais,<\/li>\n\n\n\n<li>De la Distance XS \u00e0 la Distance XXL,<\/li>\n\n\n\n<li>D\u00e9butant.e ou confirm\u00e9.e,<\/li>\n\n\n\n<li>Pratiquant.e occasionnel.le ou licenci\u00e9.e,<\/li>\n<\/ul>\n\n\n\n<div style=\"height:50px\" aria-hidden=\"true\" class=\"wp-block-spacer\"><\/div>\n\n\n\n<h2 class=\"wp-block-heading\"><mark style=\"background-color:rgba(0, 0, 0, 0)\" class=\"has-inline-color has-vivid-cyan-blue-color\">Chacun.e peut trouver la formule qui lui correspond.\u00a0<\/mark>\u00a0<\/h2>\n\n\n\n<p>La F\u00e9d\u00e9ration a mis en place de nombreux dispositifs qui permettent de pratiquer de fa\u00e7on ponctuelle, le temps d\u2019une \u00e9preuve, ou dans le cadre d\u2019une pratique en club.<\/p>\n\n\n\n<p><\/p>\n","protected":false},"excerpt":{"rendered":"<p>Le Triathlon consiste \u00e0 encha\u00eener dans l\u2019ordre trois activit\u00e9s sportives : natation, cyclisme et course \u00e0 pied. L\u2019encha\u00eenement s\u2019effectue sans aide ext\u00e9rieure et sans arr\u00eat du chronom\u00e8tre lors du changement de discipline (transition). Le Triathlon Distance Olympique, Longue Distance, Distance Sprint et Relais mixte sont reconnues comme disciplines de Haut Niveau. Comment choisir sa distance [&hellip;]<\/p>\n","protected":false},"author":1,"featured_media":0,"parent":0,"menu_order":0,"comment_status":"closed","ping_status":"closed","template":"","meta":{"footnotes":""},"class_list":["post-290","page","type-page","status-publish","hentry"],"_links":{"self":[{"href":"https:\/\/triathlonvilleparisis.com\/index.php\/wp-json\/wp\/v2\/pages\/290"}],"collection":[{"href":"https:\/\/triathlonvilleparisis.com\/index.php\/wp-json\/wp\/v2\/pages"}],"about":[{"href":"https:\/\/triathlonvilleparisis.com\/index.php\/wp-json\/wp\/v2\/types\/page"}],"author":[{"embeddable":true,"href":"https:\/\/triathlonvilleparisis.com\/index.php\/wp-json\/wp\/v2\/users\/1"}],"replies":[{"embeddable":true,"href":"https:\/\/triathlonvilleparisis.com\/index.php\/wp-json\/wp\/v2\/comments?post=290"}],"version-history":[{"count":3,"href":"https:\/\/triathlonvilleparisis.com\/index.php\/wp-json\/wp\/v2\/pages\/290\/revisions"}],"predecessor-version":[{"id":297,"href":"https:\/\/triathlonvilleparisis.com\/index.php\/wp-json\/wp\/v2\/pages\/290\/revisions\/297"}],"wp:attachment":[{"href":"https:\/\/triathlonvilleparisis.com\/index.php\/wp-json\/wp\/v2\/media?parent=290"}],"curies":[{"name":"wp","href":"https:\/\/api.w.org\/{rel}","templated":true}]}}