{"id":64,"date":"2022-11-21T16:46:17","date_gmt":"2022-11-21T16:46:17","guid":{"rendered":"https:\/\/triathlonvilleparisis.com\/?page_id=64"},"modified":"2023-09-08T07:26:21","modified_gmt":"2023-09-08T07:26:21","slug":"partenaires","status":"publish","type":"page","link":"https:\/\/triathlonvilleparisis.com\/index.php\/partenaires\/","title":{"rendered":"Partenaires"},"content":{"rendered":"\n<h2 class=\"wp-block-heading\">Mairie de Villeparisis et la Communaut\u00e9 d&rsquo;agglom\u00e9ration Roissy Pays de France.<\/h2>\n\n\n<div class=\"wp-block-image\">\n<figure class=\"aligncenter size-full\"><img loading=\"lazy\" decoding=\"async\" width=\"450\" height=\"259\" src=\"https:\/\/triathlonvilleparisis.com\/wp-content\/uploads\/2022\/11\/Villeparisis.png\" alt=\"\" class=\"wp-image-133\" srcset=\"https:\/\/triathlonvilleparisis.com\/wp-content\/uploads\/2022\/11\/Villeparisis.png 450w, https:\/\/triathlonvilleparisis.com\/wp-content\/uploads\/2022\/11\/Villeparisis-300x173.png 300w\" sizes=\"(max-width: 450px) 100vw, 450px\" \/><\/figure><\/div>\n\n\n<div style=\"height:50px\" aria-hidden=\"true\" class=\"wp-block-spacer\"><\/div>\n\n\n<div class=\"wp-block-image\">\n<figure class=\"aligncenter size-full is-resized\"><img loading=\"lazy\" decoding=\"async\" src=\"https:\/\/triathlonvilleparisis.com\/wp-content\/uploads\/2022\/12\/csm_logo_8992811445.png\" alt=\"\" class=\"wp-image-273\" style=\"width:120px;height:131px\" width=\"120\" height=\"131\"\/><\/figure><\/div>\n\n\n<hr class=\"wp-block-separator has-alpha-channel-opacity\"\/>\n\n\n\n<div style=\"height:50px\" aria-hidden=\"true\" class=\"wp-block-spacer\"><\/div>\n\n\n<div class=\"wp-block-image\">\n<figure class=\"aligncenter size-full\"><img loading=\"lazy\" decoding=\"async\" width=\"250\" height=\"136\" src=\"https:\/\/triathlonvilleparisis.com\/wp-content\/uploads\/2022\/11\/logo-sport-biketraining.jpg\" alt=\"\" class=\"wp-image-81\"\/><\/figure><\/div>\n\n\n<p>Dipl\u00f4m\u00e9 en EPS, en pr\u00e9paration physique mais aussi en pr\u00e9paration mentale et en nutrition sportive, j\u2019assure votre suivi en respectant vos motivations, vos caract\u00e9ristiques et votre environnement \u00e0 la fois familial et professionnel. J\u2019\u00e9tablis avec vous un programme complet adapt\u00e9 et personnalis\u00e9 \u00e0 vos moyens et contraintes.<\/p>\n\n\n\n<p>Au fur et \u00e0 mesure des ann\u00e9es, je me suis sp\u00e9cialis\u00e9 dans de nombreux domaines o\u00f9 j\u2019ai acquis de l\u2019exp\u00e9rience et des r\u00e9sultats au plus haut niveau.<\/p>\n\n\n\n<p>En sports m\u00e9caniques tout d\u2019abord.&nbsp;<strong>En moto<\/strong>, (moto GP, championnats du Monde d\u2019endurance moto, championnats de France SBK et promosport\u2026) o\u00f9 j\u2019ai obtenu de nombreux podiums sur les championnats du monde d\u2019endurance et plusieurs victoires sur les courses de vitesse et d\u2019endurance (aux 24h du Mans et au Bol d\u2019Or notamment).&nbsp;<strong>En automobile<\/strong>, j\u2019ai contribu\u00e9 \u00e0 plusieurs victoires sur la Lamera Cup, le championnat d\u2019Europe GT4 et sur le Troph\u00e9e Andros .<\/p>\n\n\n\n<p><strong>En triathlon<\/strong>, j\u2019ai assur\u00e9 le suivi de nombreux triathl\u00e8tes sur diverses \u00e9preuves telles que l\u2019Iron Man mais aussi sur des courses 70.3 et olympiques.<\/p>\n\n\n\n<p>En marathon, une r\u00e9elle passion. 15 ans d\u2019exp\u00e9rience! J\u2019aide chaque ann\u00e9e des coureurs \u00e0 devenir marathonien(ne).<\/p>\n\n\n\n<p>En&nbsp;<strong>basket fauteuil<\/strong>. Je m\u2019occupe de la pr\u00e9paration du&nbsp;<strong>CS Meaux<\/strong>&nbsp;depuis plusieurs ann\u00e9es et j\u2019ai contribu\u00e9 \u00e0 plusieurs finales du championnat de France 1A mais aussi particip\u00e9 et remport\u00e9 plusieurs coupes d\u2019Europe. J\u2019assure le suivi de la pr\u00e9paration olympique de plusieurs joueurs basket fauteuil (Fran\u00e7ais et \u00e9trangers) sur ces deux derni\u00e8res olympiades. Depuis 2019, j\u2019ai le privil\u00e8ge d\u2019\u00eatre en charge de la pr\u00e9paration olympique des&nbsp;<strong>Equipes de FRANCE<\/strong>&nbsp;(f\u00e9minine et masculine) en nutrition et en pr\u00e9paration physique pour les JO de Paris 2024.<\/p>\n\n\n\n<p>J\u2019aime sortir de mes \u201csentiers\u201d en ayant pr\u00e9par\u00e9 Julien BESSON \u00e0 la travers\u00e9e de l\u2019Atlantique \u00e0 la rame en solitaire en 2012. Julien finit second en pulv\u00e9risant le record de l\u2019\u00e9diton pr\u00e9c\u00e9dente. Dans la foul\u00e9e, quelques ann\u00e9es apr\u00e8s, j\u2019ai assur\u00e9 la pr\u00e9paration compl\u00e8te de l\u2019\u00e9quipe de Guyane aux championnats du Monde de pirogue en 2017.<\/p>\n\n\n\n<p>Enfin, j\u2019aime pr\u00e9parer aux concours \u201c\u00e9lite\u201d de la<strong>&nbsp;Police<\/strong>&nbsp;(RAID et BAC notamment). A ce jour, j\u2019ai obtenu 100% de r\u00e9ussite. Depuis 2018, je suis en charge du suivi nutritionnel et de l\u2019audit en pr\u00e9paration physique de l\u2019antenne du RAID de Strasbourg. Merci pour la confiance de ce groupe d\u2019\u00e9lite.&nbsp;<\/p>\n\n\n\n<p>Lancez vous et croyez en vous!<\/p>\n\n\n\n<div class=\"wp-block-buttons is-layout-flex wp-block-buttons-is-layout-flex\">\n<div class=\"wp-block-button\"><a class=\"wp-block-button__link wp-element-button\" href=\"http:\/\/sport-biketraining.com\" target=\"_blank\" rel=\"noreferrer noopener\">Allez sur le site<\/a><\/div>\n<\/div>\n\n\n\n<hr class=\"wp-block-separator has-alpha-channel-opacity\"\/>\n\n\n\n<div style=\"height:50px\" aria-hidden=\"true\" class=\"wp-block-spacer\"><\/div>\n\n\n\n<h2 class=\"wp-block-heading has-text-align-center\">CS Courtry Athl\u00e9tisme<\/h2>\n\n\n<div class=\"wp-block-image\">\n<figure class=\"aligncenter size-large is-resized\"><img loading=\"lazy\" decoding=\"async\" src=\"https:\/\/triathlonvilleparisis.com\/wp-content\/uploads\/2022\/11\/LOGO-CS-COURTRY-1024x1024.jpg\" alt=\"\" class=\"wp-image-65\" style=\"width:512px;height:512px\" width=\"512\" height=\"512\" srcset=\"https:\/\/triathlonvilleparisis.com\/wp-content\/uploads\/2022\/11\/LOGO-CS-COURTRY-1024x1024.jpg 1024w, https:\/\/triathlonvilleparisis.com\/wp-content\/uploads\/2022\/11\/LOGO-CS-COURTRY-300x300.jpg 300w, https:\/\/triathlonvilleparisis.com\/wp-content\/uploads\/2022\/11\/LOGO-CS-COURTRY-150x150.jpg 150w, https:\/\/triathlonvilleparisis.com\/wp-content\/uploads\/2022\/11\/LOGO-CS-COURTRY-768x768.jpg 768w, https:\/\/triathlonvilleparisis.com\/wp-content\/uploads\/2022\/11\/LOGO-CS-COURTRY-1536x1536.jpg 1536w, https:\/\/triathlonvilleparisis.com\/wp-content\/uploads\/2022\/11\/LOGO-CS-COURTRY.jpg 1902w\" sizes=\"(max-width: 512px) 100vw, 512px\" \/><\/figure><\/div>\n\n\n<p>En partenariat avec le Triathlon Club de Villeparisis, le CS Courtry Athl\u00e9tisme accueille tous les triathl\u00e8tes qui le souhaitent pour parfaire leurs cessions Running.&nbsp;<\/p>\n\n\n\n<p>Les entra\u00eenements ont lieu les mardis et jeudis soirs de 19h00 \u00e0 20h30 au stade de Courtry, une sortie dominicale encadr\u00e9e est \u00e9galement pr\u00e9vue tous les dimanches de 10h00 \u00e0 midi.<\/p>\n\n\n\n<p>L\u2019adh\u00e9sion mensuelle pour les adh\u00e9rents du TCV est de 115.00 \u20ac \u00e0 l\u2019ann\u00e9e.<\/p>\n\n\n<div class=\"wp-block-image\">\n<figure class=\"aligncenter size-full is-resized\"><img loading=\"lazy\" decoding=\"async\" src=\"https:\/\/triathlonvilleparisis.com\/wp-content\/uploads\/2022\/11\/PHOTO-STADE-COURTRY.jpg\" alt=\"\" class=\"wp-image-66\" style=\"width:540px;height:405px\" width=\"540\" height=\"405\" srcset=\"https:\/\/triathlonvilleparisis.com\/wp-content\/uploads\/2022\/11\/PHOTO-STADE-COURTRY.jpg 720w, https:\/\/triathlonvilleparisis.com\/wp-content\/uploads\/2022\/11\/PHOTO-STADE-COURTRY-300x225.jpg 300w\" sizes=\"(max-width: 540px) 100vw, 540px\" \/><\/figure><\/div>\n\n\n<div data-wp-interactive=\"core\/file\" class=\"wp-block-file\"><object data-wp-bind--hidden=\"!state.hasPdfPreview\"  class=\"wp-block-file__embed\" data=\"https:\/\/triathlonvilleparisis.com\/wp-content\/uploads\/2023\/09\/BULLETIN-ADHESION-2023-2024.pdf\" type=\"application\/pdf\" style=\"width:100%;height:600px\" aria-label=\"Contenu embarqu\u00e9 BULLETIN-ADHESION-2023-2024.\"><\/object><a id=\"wp-block-file--media-6cbb97e8-7849-4115-914e-3a21711e5d26\" href=\"https:\/\/triathlonvilleparisis.com\/wp-content\/uploads\/2023\/09\/BULLETIN-ADHESION-2023-2024.pdf\">BULLETIN-ADHESION-2023-2024<\/a><a href=\"https:\/\/triathlonvilleparisis.com\/wp-content\/uploads\/2023\/09\/BULLETIN-ADHESION-2023-2024.pdf\" class=\"wp-block-file__button wp-element-button\" download aria-describedby=\"wp-block-file--media-6cbb97e8-7849-4115-914e-3a21711e5d26\">T\u00e9l\u00e9charger<\/a><\/div>\n","protected":false},"excerpt":{"rendered":"<p>Mairie de Villeparisis et la Communaut\u00e9 d&rsquo;agglom\u00e9ration Roissy Pays de France. Dipl\u00f4m\u00e9 en EPS, en pr\u00e9paration physique mais aussi en pr\u00e9paration mentale et en nutrition sportive, j\u2019assure votre suivi en respectant vos motivations, vos caract\u00e9ristiques et votre environnement \u00e0 la fois familial et professionnel. J\u2019\u00e9tablis avec vous un programme complet adapt\u00e9 et personnalis\u00e9 \u00e0 vos [&hellip;]<\/p>\n","protected":false},"author":1,"featured_media":0,"parent":0,"menu_order":0,"comment_status":"closed","ping_status":"closed","template":"","meta":{"footnotes":""},"class_list":["post-64","page","type-page","status-publish","hentry"],"_links":{"self":[{"href":"https:\/\/triathlonvilleparisis.com\/index.php\/wp-json\/wp\/v2\/pages\/64"}],"collection":[{"href":"https:\/\/triathlonvilleparisis.com\/index.php\/wp-json\/wp\/v2\/pages"}],"about":[{"href":"https:\/\/triathlonvilleparisis.com\/index.php\/wp-json\/wp\/v2\/types\/page"}],"author":[{"embeddable":true,"href":"https:\/\/triathlonvilleparisis.com\/index.php\/wp-json\/wp\/v2\/users\/1"}],"replies":[{"embeddable":true,"href":"https:\/\/triathlonvilleparisis.com\/index.php\/wp-json\/wp\/v2\/comments?post=64"}],"version-history":[{"count":15,"href":"https:\/\/triathlonvilleparisis.com\/index.php\/wp-json\/wp\/v2\/pages\/64\/revisions"}],"predecessor-version":[{"id":491,"href":"https:\/\/triathlonvilleparisis.com\/index.php\/wp-json\/wp\/v2\/pages\/64\/revisions\/491"}],"wp:attachment":[{"href":"https:\/\/triathlonvilleparisis.com\/index.php\/wp-json\/wp\/v2\/media?parent=64"}],"curies":[{"name":"wp","href":"https:\/\/api.w.org\/{rel}","templated":true}]}}